{"id":1766,"date":"2015-01-23T13:28:07","date_gmt":"2015-01-23T13:28:07","guid":{"rendered":"http:\/\/stephanevien.com\/conferences\/"},"modified":"2021-11-23T17:19:19","modified_gmt":"2021-11-23T21:19:19","slug":"conferences","status":"publish","type":"page","link":"https:\/\/stephanevien.com\/en\/conferences\/","title":{"rendered":"Conferences"},"content":{"rendered":"<p>[et_pb_section fb_built=&#8221;1&#8243; module_class=&#8221;unepage&#8221; _builder_version=&#8221;3.22&#8243; background_color=&#8221;#ffffff&#8221; transparent_background=&#8221;off&#8221; global_colors_info=&#8221;{}&#8221;][et_pb_row _builder_version=&#8221;3.25&#8243; background_size=&#8221;initial&#8221; background_position=&#8221;top_left&#8221; background_repeat=&#8221;repeat&#8221; global_colors_info=&#8221;{}&#8221; column_structure=&#8221;2_3,1_3&#8243;][et_pb_column type=&#8221;2_3&#8243; _builder_version=&#8221;3.25&#8243; custom_padding=&#8221;|||&#8221; global_colors_info=&#8221;{}&#8221; custom_padding__hover=&#8221;|||&#8221;][et_pb_text admin_label=&#8221;Text&#8221; _builder_version=&#8221;3.27.4&#8243; background_size=&#8221;initial&#8221; background_position=&#8221;top_left&#8221; background_repeat=&#8221;repeat&#8221; global_colors_info=&#8221;{}&#8221;]<\/p>\n<h1>Conferences<\/h1>\n<p class=\"citation\">\u201cI am the links that I forge with others.\u201d<\/p>\n<p class=\"auteur\">Albert Jacquard<\/p>\n<p><strong>The \u00ab secrets \u00bb of shiatsu can be very useful in daily life, no matter your profession. You doubt it? Allow me to prove it!<\/strong><\/p>\n<p>For many years now, I have been presenting conferences for businesses and professional associations, among others. As surprising as it may sound, some of shiatsu\u2019s tools, like the reading of the face, can help you in your interactions with your clients, your employees and your colleagues.[\/et_pb_text][et_pb_text admin_label=&#8221;Text&#8221; module_class=&#8221;troiscours&#8221; _builder_version=&#8221;4.13.1&#8243; background_size=&#8221;initial&#8221; background_position=&#8221;top_left&#8221; background_repeat=&#8221;repeat&#8221; hover_enabled=&#8221;0&#8243; global_colors_info=&#8221;{}&#8221; sticky_enabled=&#8221;0&#8243;]<\/p>\n<h2>Conferences<\/h2>\n<p>Here are some examples of possible conferences. Naturally, all the conferences are adapted to the target clientele\u2019s needs.<\/p>\n<div class='one_third'>\n\t\t\t\t\t<h3 style=\"text-align: center;\">Team-building\u00a0: 5\u00a0elements<\/h3>\n<p><a href=\"http:\/\/stephanevien.com\/wp-content\/uploads\/2015\/01\/conferences-teambuilding.jpg\"><img loading=\"lazy\" decoding=\"async\" class=\"alignnone wp-image-617 size-full\" src=\"http:\/\/stephanevien.com\/wp-content\/uploads\/2015\/01\/conferences-teambuilding.jpg\" alt=\"Team-building : 5 elements\" width=\"219\" height=\"192\" \/><\/a><\/p>\n<p>Use the theory of 5\u00a0elements of traditional Chinese medicine to quickly read people, their personality, their emotions and their habits. Enhance teamwork, communication and your interactions with others.\n\t\t\t\t<\/div><div class='one_third'>\n\t\t\t\t\t<h3 style=\"text-align: center;\">Reading of the face<\/h3>\n<p><a href=\"http:\/\/stephanevien.com\/wp-content\/uploads\/2015\/01\/conference-lecture-du-visage.jpg\"><img loading=\"lazy\" decoding=\"async\" class=\"alignnone wp-image-613 size-full\" src=\"http:\/\/stephanevien.com\/wp-content\/uploads\/2015\/01\/conference-lecture-du-visage.jpg\" alt=\"Reading of the face\" width=\"219\" height=\"192\" \/><\/a><\/p>\n<p>Discover the ABC of this ancient art to facilitate your interpersonal relationships. It is an extraordinary tool for managers and people in charge of customer service, for example.\n\t\t\t\t<\/div><div class='one_third et_column_last'>\n\t\t\t\t\t<h3 style=\"text-align: center;\">Knowledge of oneself<\/h3>\n<p><a href=\"http:\/\/stephanevien.com\/wp-content\/uploads\/2015\/01\/conferences-kiologie.jpg\"><img loading=\"lazy\" decoding=\"async\" class=\"alignnone wp-image-615 size-full\" src=\"http:\/\/stephanevien.com\/wp-content\/uploads\/2015\/01\/conferences-kiologie.jpg\" alt=\"Knowledge of oneself\" width=\"219\" height=\"192\" \/><\/a><\/p>\n<p>Discover your aptitudes, your predispositions and your potential. Learn the basics of kiology (Yi King) to better understand who you are, to profit from it and to optimise your life choices.\n\t\t\t\t<\/div><div class='clear'><\/div><\/p>\n<p>[\/et_pb_text][et_pb_text admin_label=&#8221;Text&#8221; _builder_version=&#8221;3.27.4&#8243; background_size=&#8221;initial&#8221; background_position=&#8221;top_left&#8221; background_repeat=&#8221;repeat&#8221; global_colors_info=&#8221;{}&#8221;]<\/p>\n<h2>Other conferences<\/h2>\n<ul>\n<li>Social skills before work skills: a new understanding of therapeutic relationship.<\/li>\n<li>What is health?<\/li>\n<li>The art of regaining your energy<\/li>\n<li>Balance: a dynamic path<\/li>\n<li>The importance of touch in practicing traditional Chinese medicine<\/li>\n<\/ul>\n<h2>Previous conferences<\/h2>\n<ul>\n<li><em>Shiatsu anxi\u00e9t\u00e9 et vieillissement<\/em>, Congr\u00e8s de la FQM, Montr\u00e9al, 2014<\/li>\n<li><em>Team-building 5 \u00e9l\u00e9ments<\/em>, Services OR LP, cabinet d\u2019avocats, Montr\u00e9al, 2014<\/li>\n<li><em>Initiation \u00e0 la m\u00e9ditation<\/em>, F\u00e9d\u00e9ration des caisses populaires, Montr\u00e9al, 2007<\/li>\n<li><em>Pour l\u2019amour\u2026Enlevez-vous du chemin! La place de l\u2019\u00e9go dans la pratique de la massoth\u00e9rapie<\/em>, Congr\u00e8s international en Trager, Montr\u00e9al, 2007<\/li>\n<li><em>Team-building 5 \u00e9l\u00e9ments<\/em>, \u00c9cole Pierre-de-Coubertin, Montr\u00e9al, 2007<\/li>\n<li><em>Team-building 5 \u00e9l\u00e9ments<\/em>, F\u00e9d\u00e9ration des caisses populaires, Montr\u00e9al, 2006<\/li>\n<li><em>Conf\u00e9rence-atelier, Shiatsu sur table<\/em>, Salon esth\u00e9tique spa international, Montr\u00e9al, 2005<\/li>\n<li><em>Compassion; Utopie ou n\u00e9cessit\u00e9 en massoth\u00e9rapie<\/em>, 2<sup>e<\/sup>\u00a0Congr\u00e8s international sur la science du toucher, Montr\u00e9al, 2004<\/li>\n<li><em>Pour l\u2019amour\u2026Enlevez-vous du chemin! La place de l\u2019\u00e9go dans la pratique de la massoth\u00e9rapie<\/em>, 2<sup>e<\/sup>\u00a0Congr\u00e8s international sur la science du toucher, Montr\u00e9al, 2004<\/li>\n<li><em>Conf\u00e9rence-atelier, Shiatsu<\/em>, CEERRF, Paris, 1997<\/li>\n<\/ul>\n<p style=\"text-align: center;\"><strong>Don\u2019t hesitate to contact me to plan a conference that meets your needs.<\/strong><\/p>\n<h6>To set up a conference: <a href=\"mailto:info@stephanevien.com\">info@stephanevien.com<\/a><\/h6>\n<p>[\/et_pb_text][\/et_pb_column][et_pb_column type=&#8221;1_3&#8243; _builder_version=&#8221;3.25&#8243; custom_padding=&#8221;|||&#8221; global_colors_info=&#8221;{}&#8221; custom_padding__hover=&#8221;|||&#8221;][et_pb_sidebar orientation=&#8221;right&#8221; area=&#8221;et_pb_widget_area_4&#8243; admin_label=&#8221;Sidebar&#8221; _builder_version=&#8221;3.0.74&#8243; global_colors_info=&#8221;{}&#8221;][\/et_pb_sidebar][\/et_pb_column][\/et_pb_row][\/et_pb_section]<\/p>\n","protected":false},"excerpt":{"rendered":"<p>Conferences \u201cI am the links that I forge with others.\u201d Albert Jacquard The \u00ab secrets \u00bb of shiatsu can be very useful in daily life, no matter your profession. You doubt it? Allow me to prove it! For many years now, I have been presenting conferences for businesses and professional associations, among others. As surprising [&hellip;]<\/p>\n","protected":false},"author":1,"featured_media":0,"parent":0,"menu_order":0,"comment_status":"open","ping_status":"open","template":"","meta":{"_et_pb_use_builder":"on","_et_pb_old_content":"","_et_gb_content_width":"","footnotes":""},"class_list":["post-1766","page","type-page","status-publish","hentry"],"_links":{"self":[{"href":"https:\/\/stephanevien.com\/en\/wp-json\/wp\/v2\/pages\/1766","targetHints":{"allow":["GET"]}}],"collection":[{"href":"https:\/\/stephanevien.com\/en\/wp-json\/wp\/v2\/pages"}],"about":[{"href":"https:\/\/stephanevien.com\/en\/wp-json\/wp\/v2\/types\/page"}],"author":[{"embeddable":true,"href":"https:\/\/stephanevien.com\/en\/wp-json\/wp\/v2\/users\/1"}],"replies":[{"embeddable":true,"href":"https:\/\/stephanevien.com\/en\/wp-json\/wp\/v2\/comments?post=1766"}],"version-history":[{"count":0,"href":"https:\/\/stephanevien.com\/en\/wp-json\/wp\/v2\/pages\/1766\/revisions"}],"wp:attachment":[{"href":"https:\/\/stephanevien.com\/en\/wp-json\/wp\/v2\/media?parent=1766"}],"curies":[{"name":"wp","href":"https:\/\/api.w.org\/{rel}","templated":true}]}}