{"id":1759,"date":"2015-01-23T13:37:07","date_gmt":"2015-01-23T13:37:07","guid":{"rendered":"http:\/\/stephanevien.com\/shiatsu\/"},"modified":"2017-03-21T17:07:36","modified_gmt":"2017-03-21T21:07:36","slug":"shiatsu","status":"publish","type":"page","link":"https:\/\/stephanevien.com\/en\/shiatsu\/","title":{"rendered":"Shiatsu"},"content":{"rendered":"<p>[et_pb_section transparent_background=&#8221;off&#8221; background_color=&#8221;#ffffff&#8221; inner_shadow=&#8221;off&#8221; parallax=&#8221;off&#8221; parallax_method=&#8221;off&#8221; module_class=&#8221;unepage&#8221;][et_pb_row][et_pb_column type=&#8221;2_3&#8243;][et_pb_text admin_label=&#8221;Text&#8221; background_layout=&#8221;light&#8221; text_orientation=&#8221;left&#8221;]<\/p>\n<h1>Shiatsu<\/h1>\n<p class=\"citation\">\u201cHe who works with his hands is a laborer. He who works with his hands and his head is a craftsman. He who works with his hands and his head and his heart is an artist.\u201d<\/p>\n<p class=\"auteur\">Saint Francis of Assisi<\/p>\n<h2>Between tradition and modernity<\/h2>\n<p>Shiatsu is a living and constantly evolving art. Like a cherry tree, its roots are strong and deep and allow it to keep growing and transforming. To this day, all over the world, new generations of practitioners contribute to the growth and ennoblement of this ancient art from Asia.<\/p>\n<h3>A bit of history<\/h3>\n<p><a href=\"http:\/\/stephanevien.com\/wp-content\/uploads\/2015\/01\/shiatsu-massage-japonais.jpg\"> <img loading=\"lazy\" decoding=\"async\" class=\"alignright size-medium wp-image-368\" src=\"http:\/\/stephanevien.com\/wp-content\/uploads\/2015\/01\/shiatsu-massage-japonais-300x202.jpg\" alt=\"shiatsu-massage-japonais\" width=\"300\" height=\"202\" srcset=\"https:\/\/stephanevien.com\/wp-content\/uploads\/2015\/01\/shiatsu-massage-japonais-300x202.jpg 300w, https:\/\/stephanevien.com\/wp-content\/uploads\/2015\/01\/shiatsu-massage-japonais-400x270.jpg 400w, https:\/\/stephanevien.com\/wp-content\/uploads\/2015\/01\/shiatsu-massage-japonais.jpg 401w\" sizes=\"(max-width: 300px) 100vw, 300px\" \/><\/a>Like many age-old tradition, shiatsu\u2019s origins are lost to time immemorial. It\u2019s possible it came from India, China or elsewhere, but it is its passage in Japan that made it the art it is today. Over time, shiatsu found its place from East to West, from North to South, adapting to its environment and its era and getting enriched over time.<\/p>\n<p>At the beginning of the 20<sup>th<\/sup>\u00a0century, it appears in the West, namely thanks to the teachings of Namikoshi and his former student, Masunaga. Shiatsu then split for the first time in modern history, when Masunaga departed from Namikoshi\u2019s practice to develop a shiatsu based on the meridians and the pursuit of physical, psychological and emotional equilibrium according to the oriental model.<\/p>\n<p>More recently, new offshoots have grown. Students of Masunaga took his method and reflections even further, each in their own way, namely:<\/p>\n<ul>\n<li>Sensei Wataru Ohashi (United States)<\/li>\n<li>Sensei Pauline Sasaki (United States)<\/li>\n<li>Sensei Tetsuro Saito (Canada)<\/li>\n<li>Sensei Kazunori Sasaki (France)<\/li>\n<\/ul>\n<h3>Shiatsu\u00a0: the path of balance<\/h3>\n<p>Beyond the colors specific to each era and various schools, two elements transcend all forms of shiatsu: the pursuit of equilibrium and the constant and attentive presence of the therapist throughout the consultation. That said, shiatsu is also characterized by the use of a number of extremely precious tools, such as:<\/p>\n<ul>\n<li>the theory of Yin and Yang;<\/li>\n<li>the theory of the five elements;<\/li>\n<li>Bo shin (observing), Setsu shin (palpation), Mon shin (questioning) and Bun shin (listening and observing globally);<\/li>\n<li>the reading of the hara (Kyo\/Jitsu);<\/li>\n<li>the classical meridians and the meridians of Masunaga;<\/li>\n<li>traditional katas.<\/li>\n<\/ul>\n<p>With these tools, the shiatsu therapist is able to evaluate the state of their client and to build an intervention strategy that is both complete and precise. Its objective is to meet the client\u2019s specific needs and to help them reach a physical, psychological and emotional equilibrium. Furthermore, every person being different and constantly evolving, every shiatsu session will be as well.<\/p>\n<h3>Peripheral reading of meridians<\/h3>\n<p>The <a href=\"https:\/\/stephanevien.com\/enseignement\/\">Peripheral reading of meridians<\/a> (PRM) is a rich and accessible tool developed by Sensei\u00a0St\u00e9phane\u00a0Vien. This unique and revolutionary approach offers a new depth to the practice of shiatsu.<\/p>\n<p>PRM can be used on its own or in conjunction with the reading of the hara, and helps the practitioner to:<\/p>\n<ul>\n<li>complement and enhance the reading of the hara;<\/li>\n<li>have a quicker access to energy imbalances;<\/li>\n<li>determine the order of interventions on the meridians;<\/li>\n<li>make treatments more precise, deep and homogenous;<\/li>\n<li>get a better understanding of the clients and their health condition;<\/li>\n<li>meet the clients\u2019 needs more quickly.<\/li>\n<\/ul>\n<p><em>\u201cTo summarize, I would say that the reading of the hara give me the nature of the imbalance, whereas the PRM tells me the intervention strategy I should follow. For example, the reading of the hara of a client suffering from sciatica once had little to nothing to do with his condition. On the other hand, PRM then clearly indicated which meridians to work on and in what order.\u201d<\/em><\/p>\n<p class=\"temoignage\">Sensei St\u00e9phane Vien<\/p>\n<h2>Benefits of shiatsu<\/h2>\n<p>Shiatsu is both a preventative and therapeutic approach that delves into health problems\u2019 causes rather than their symptoms. Receiving a shiatsu regularly or occasionally helps the client to:<\/p>\n<ul>\n<li>enhance their muscle tissues flexibility<\/li>\n<li>relieve any muscular and articular pain<\/li>\n<li>overcome insomnia<\/li>\n<li>reduce the symptoms of menopause<\/li>\n<li>rebalance their nervous system<\/li>\n<li>reduce headaches<\/li>\n<li>regain energy<\/li>\n<li>cure fatigue<\/li>\n<li>enhance their digestion (e.g. relief of constipation and bloating)<\/li>\n<li>stimulate their blood and lymph circulation<\/li>\n<li>boost their concentration<\/li>\n<li>calm themselves and manage their emotions<\/li>\n<li>reduce menstrual pain<\/li>\n<li>go through hard times (e.g. separation, grief, moving, exams)<\/li>\n<\/ul>\n<p>Also, shiatsu is an excellent complement to follow-ups in physiotherapy, chiropraxis, osteopathy and even psychotherapy.<\/p>\n<h2>Learn more<\/h2>\n<h3>Websites<\/h3>\n<ul class=\"normal\">\n<li><a href=\"http:\/\/www.ohashiatsu.org\/us\/\">http:\/\/www.ohashiatsu.org\/us\/<\/a><br \/>Sensei Wataru Ohashi\u2019s school\u2019s website<\/li>\n<li><a href=\"http:\/\/www.ffst.fr\/\">http:\/\/www.ffst.fr<\/a><br \/>F\u00e9d\u00e9ration Fran\u00e7aise de shiatsu traditionnel website<\/li>\n<li><a href=\"http:\/\/www.shiatsu-arts-culture.com\/\">http:\/\/www.shiatsu-arts-culture.com\/<\/a><br \/>Shiatsu Arts Culture website<\/li>\n<\/ul>\n<h3>Books and articles<\/h3>\n<ul class=\"normal\">\n<li><strong>Wataru Ohashi<\/strong>, <em>Beyond Shiatsu: Ohashis Bodywork Method<\/em>.<\/li>\n<li><strong>Carola Beresford-Cooke<\/strong>, <em>Shiatsu theory and practice<\/em>.<\/li>\n<li><strong>Shizuto Masunaga<\/strong>,\u00a0<em>Zen shiatsu: How to Harmonize Yin and Yang for Better Health<\/em>.<\/li>\n<li><strong>Isabelle Laading<\/strong>, <em>Shiatsu : Voie d\u2019\u00e9quilibre<\/em>.<\/li>\n<li><strong>Jeremy Ross<\/strong>,\u00a0<em>Zang Fu: The Organ Systems of Traditional Chinese Medicine<\/em>.<\/li>\n<li><strong>Marie-Mich\u00e8le Lapointe-Cloutier<\/strong>, <em><a href=\"https:\/\/www.facebook.com\/notes\/marie-mich%C3%A8le-lapointe-cloutier-shiatsu\/lecture-p%C3%A9riph%C3%A9rique-des-m%C3%A9ridiens-percevoir-l%C3%A9nergie-autrement-entrevue-avec-st\/194981794021701\">Lecture p\u00e9riph\u00e9rique des m\u00e9ridiens : Percevoir l\u2019\u00e9nergie autrement. Entrevue avec St\u00e9phane Vien<\/a>.<\/em><\/li>\n<\/ul>\n<p>[\/et_pb_text][\/et_pb_column][et_pb_column type=&#8221;1_3&#8243;][et_pb_sidebar admin_label=&#8221;Sidebar&#8221; orientation=&#8221;right&#8221; area=&#8221;et_pb_widget_area_5&#8243; background_layout=&#8221;light&#8221; module_class=&#8221;lesidebar&#8221; \/][\/et_pb_column][\/et_pb_row][\/et_pb_section]<\/p>\n","protected":false},"excerpt":{"rendered":"<p><div class=\"et_pb_row et_pb_row_0 et_pb_row_empty\">\n\t\t\t\t\n\t\t\t\t\n\t\t\t\t\n\t\t\t\t\n\t\t\t\t\n\t\t\t<\/div>Shiatsu\u201cHe who works with his hands is a laborer. He who works with his hands and his head is a craftsman. He who works with his hands and his head and his heart is an artist.\u201dSaint Francis of AssisiBetween tradition and modernityShiatsu is a living and constantly evolving art. Like a cherry tree, its roots [&hellip;]<\/p>\n","protected":false},"author":1,"featured_media":0,"parent":0,"menu_order":0,"comment_status":"open","ping_status":"open","template":"","meta":{"_et_pb_use_builder":"on","_et_pb_old_content":"","_et_gb_content_width":"","footnotes":""},"class_list":["post-1759","page","type-page","status-publish","hentry"],"_links":{"self":[{"href":"https:\/\/stephanevien.com\/en\/wp-json\/wp\/v2\/pages\/1759","targetHints":{"allow":["GET"]}}],"collection":[{"href":"https:\/\/stephanevien.com\/en\/wp-json\/wp\/v2\/pages"}],"about":[{"href":"https:\/\/stephanevien.com\/en\/wp-json\/wp\/v2\/types\/page"}],"author":[{"embeddable":true,"href":"https:\/\/stephanevien.com\/en\/wp-json\/wp\/v2\/users\/1"}],"replies":[{"embeddable":true,"href":"https:\/\/stephanevien.com\/en\/wp-json\/wp\/v2\/comments?post=1759"}],"version-history":[{"count":0,"href":"https:\/\/stephanevien.com\/en\/wp-json\/wp\/v2\/pages\/1759\/revisions"}],"wp:attachment":[{"href":"https:\/\/stephanevien.com\/en\/wp-json\/wp\/v2\/media?parent=1759"}],"curies":[{"name":"wp","href":"https:\/\/api.w.org\/{rel}","templated":true}]}}